{"id":49,"date":"2023-04-11T18:13:11","date_gmt":"2023-04-11T16:13:11","guid":{"rendered":"https:\/\/ambasciatapraga.esteri.it\/?page_id=49"},"modified":"2025-10-31T10:48:48","modified_gmt":"2025-10-30T22:48:48","slug":"passaporti-e-carte-didentita","status":"publish","type":"page","link":"https:\/\/ambwellington.esteri.it\/it\/servizi-consolari-e-visti\/servizi-per-il-cittadino-italiano\/passaporti-e-carte-didentita\/","title":{"rendered":"Passaporti"},"content":{"rendered":"<div>\n<p>Il passaporto \u00e8 un documento d&#8217;identit\u00e0 valido per l\u2019espatrio. Il Passaporto ha una validit\u00e0 di 10 anni (per richiedenti minori di 18 anni la validit\u00e0 \u00e9 pari a 5 anni mentre, per minori di 3 anni, 3 anni). Il rilascio di un nuovo passaporto pu\u00f2 essere richiesto in prossimit\u00e0 della scadenza (o successivamente), in caso di furto\/smarrimento, deterioramento o quando si ha necessit\u00e0 di un passaporto con validit\u00e0 residua superiore ai 6 mesi.<\/p>\n<p style=\"text-align: center;\"><strong>IL SERVIZIO PASSAPORTI E&#8217; DISPONIBILE AGLI ISCRITTI AIRE DELL\u2019AMBASCIATA D\u2019ITALIA A WELLINGTON<\/strong><\/p>\n<p style=\"text-align: justify;\"><span style=\"text-decoration: underline;\"> IL PASSAPORTO POTRA&#8217; ESSERE RILASCIATO A NON ISCRITTI AIRE SOLO IN SITUAZIONI ECCEZIONALI E DIETRO NULLA-OSTA DELL&#8217;AUTORITA&#8217; COMPETENTE (CON TEMPI DI TRATTAZIONE MEDIO-LUNGHI)<\/span>.<\/p>\n<p style=\"text-align: justify;\"><em>NOTA BENE: ai fini del rilascio del Passaporto ad un minore e&#8217; necessaria la presentazione dell\u2019<a href=\"https:\/\/ambwellington.esteri.it\/wp-content\/uploads\/2023\/11\/consent_form_nuovo.docx\">Atto di assenso al rilascio del Passaporto\u00a0firmato <\/a>dall&#8217;altro genitore e accompagnato dalla copia di un documento di identit\u00e0 valido. Se l&#8217;altro genitore non \u00e8 cittadino italiano o di uno Stato membro dell&#8217;Unione Europea, la firma sull&#8217;atto di assenso andr\u00e0 certificata da un Giudice di Pace o apposta in Ambasciata il giorno dell&#8217;appuntamento.<\/em><\/p>\n<p>&nbsp;<\/p>\n<h3 style=\"text-align: center;\"><span style=\"text-decoration: underline;\"><strong>PROCEDURA PER IL RILASCIO DEL PASSAPORTO ORDINARIO DA PARTE DI UN RICHIEDENTE MAGGIORENNE <\/strong><\/span><\/h3>\n<p style=\"text-align: justify;\"><strong>FASE 1: INVIO ELETTRONICO DELLA DOMANDA DI PASSAPORTO ALL\u2019AMBASCIATA D\u2019ITALIA A WELLINGTON<\/strong><\/p>\n<p style=\"text-align: justify;\">Si prega di inviare per email all&#8217;indirizzo <a href=\"mailto:wellington.embassy@esteri.it\">wellington.embassy@esteri.it<\/a>\u00a0la seguente documentazione:<\/p>\n<ul>\n<li><a href=\"https:\/\/ambwellington.esteri.it\/wp-content\/uploads\/2025\/10\/passport_request_form-1.pdf\"><strong>Formulario di domanda di passaporto<\/strong><\/a> debitamente compilato e firmato dal richiedente maggiorenne (indicando in quale ufficio consolare, Auckland, Wellington o Christchurch, si desidera chiedere un appuntamento per la raccolta dei vostri dati biometrici);<\/li>\n<li><strong>Copia del Passaporto scaduto<\/strong> o in scadenza, se disponibile (altrimenti copia di altro documento d&#8217;identita&#8217; valido, da inviare anche qualora il passaporto sia scaduto);<\/li>\n<li>In caso di smarrimento o furto: <strong><a href=\"https:\/\/ambwellington.esteri.it\/wp-content\/uploads\/2023\/11\/denunciasmarrimentofurtopassaporto1.pdf\">Modello di denuncia all\u2019Ambasciata<\/a><\/strong> e copia della denuncia rilasciata dalla Polizia neozelandese (<a href=\"https:\/\/ambwellington.esteri.it\/wp-content\/uploads\/2023\/11\/smarrimento_o_furto_documenti_passaporto_patente_di_guida_etc._allestero_-_procedura.pdf\">vedere istruzioni qui disponibili<\/a>);<\/li>\n<li><strong><a href=\"https:\/\/ambwellington.esteri.it\/wp-content\/uploads\/2023\/11\/certificazione_motivazione868.pdf\">Certificazione dell\u2019urgenza<\/a><\/strong> del rilascio del passaporto (<span style=\"text-decoration: underline;\"><strong>solo in caso di richiedenti non iscritti AIRE<\/strong><\/span>).<\/li>\n<\/ul>\n<p><strong>La documentazione deve essere inviata in formato PDF in un&#8217;unica email.\u00a0<\/strong> Una volta ricevuta dall\u2019Ambasciata, la domanda di passaporto sar\u00e0 esaminata dall\u2019Ufficio Passaporti, che vi contatter\u00e0 qualora fosse necessario inviare ulteriore documentazione. Nel caso non siate iscritti AIRE, l\u2019Ufficio Passaporti valutera\u2019 anche la motivazione relativa all\u2019uregnza del rilascio ed in caso la consideri valida contattera\u2019 l\u2019Autorit\u00e0 territorialmente competente per richiedere la necessaria autorizzazione al rilascio del Passaporto (Ufficio consolare o Questura; tale procedura potrebbe richiedere fino a 30 giorni).<\/p>\n<p><strong>FASE 2: APPUNTAMENTO PER LA RACCOLTA DEI DATI BIOMETRICI<\/strong><\/p>\n<p>Terminata positivamente l\u2019istruttoria della domanda di passaporto, l\u2019Ufficio consolare onorario di Auckland o Christchurch o l\u2019Ufficio Passaporti dell\u2019Ambasciata a Wellington vi contattera\u2019 per organizzare un appuntamento per la rilevazione dei dati biometrici. All\u2019appuntamento per la raccolta dei dati biometrici dovrete presentare:<\/p>\n<ul>\n<li>Il Passaporto scaduto o in scadenza;<\/li>\n<li>Un documento di identita\u2019 valido;<\/li>\n<li>(SOLO PER IL CONSOLATO ONORARIO A CHRISTCHURCH) Una fotografia a colori e recente (acquisita da non oltre 6 mesi), con sfondo bianco e conforme agli standard ICAO (dimensioni 35 x 40 mm, viso frontale e centrato, espressione neutra; <a href=\"https:\/\/ambwellington.esteri.it\/wp-content\/uploads\/2023\/11\/71254_f_amb61biometricpassportphotoscharacteristics.pdf\">vedasi modello qui disponibile<\/a>).\u00a0La foto non e&#8217; necessaria se i dati biometrici vengono presi ad Auckland o a Wellington.<\/li>\n<\/ul>\n<p><strong>Se la rilevazione dei dati biometrici avviene presso l\u2019Ambasciata d\u2019Italia a Wellington<\/strong>, vi sar\u00e0 chiesto di presentare all\u2019appuntamento per la raccolta dei dati biometrici anche:<\/p>\n<ul>\n<li>La documentazione originale della domanda di Passaporto che avete inviato per email nella FASE 1;<\/li>\n<li>Una busta compilata con l&#8217;indirizzo presso cui recapitare il nuovo Passaporto e munita di ticket prepagato \u201ccourier with signature\u201d, oltre all\u2019eventuale ticket prepagato \u201crural delivery\u201d se necessario;<\/li>\n<li>Prova del pagamento (stampa dello screenshot del vostro conto corrente) della tariffa consolare vigente per il rilascio del Passaporto da effettuare tramite trasferimento bancario sul conto dedicato dell&#8217;Ambasciata (<a href=\"https:\/\/ambwellington.esteri.it\/it\/servizi-consolari-e-visti\/servizi-per-il-cittadino-italiano\/tariffe-consolari\/\">cliccare qui per maggiori informazioni sul costo di rilascio del Passaporto e sulle modalita&#8217; di pagamento<\/a>).<\/li>\n<\/ul>\n<p><strong>FASE 3: INVIO DOCUMENTI ALL&#8217;AMBASCIATA<\/strong><\/p>\n<p><strong>Se i vostri dati biometrici sono raccolti presso i nostri uffici consolari onorari di Auckland e Christchurch<\/strong>, dovrete inviare via posta all&#8217;Ambasciata d&#8217;Italia a Wellington (PO Box 463, Wellington 6140) la seguente documentazione:<\/p>\n<ul>\n<li>La documentazione originale della domanda di Passaporto che inviata per email nella FASE 1;<\/li>\n<li>Una busta compilata con l&#8217;indirizzo presso cui recapitare il nuovo Passaporto e munita di ticket prepagato \u201c<strong>courier with signature<\/strong>\u201d, oltre all\u2019eventuale ticket prepagato \u201crural delivery\u201d se necessario;<\/li>\n<li>Cartellino foto-firma gia&#8217; firmato presso l\u2019ufficio consolare onorario (Christchurch);<\/li>\n<li>Prova del pagamento (stampa dello screenshot del vostro conto corrente) della tariffa consolare vigente per il rilascio del Passaporto da effettuare tramite trasferimento bancario sul conto dedicato dell&#8217;Ambasciata (<a href=\"https:\/\/ambwellington.esteri.it\/it\/servizi-consolari-e-visti\/servizi-per-il-cittadino-italiano\/tariffe-consolari\/\">cliccare qui per maggiori informazioni sul costo di rilascio del Passaporto e sulle modalita&#8217; di pagamento<\/a>);<\/li>\n<li>il passaporto scaduto o in scadenza.<\/li>\n<\/ul>\n<p style=\"text-align: justify;\"><em><strong>Poiche&#8217; la tariffa per il rilascio del Passaporto cambia a cavallo di ogni trimestre, si prega di non spedire la suddetta documentazione nelle ultime due settimane di marzo, giugno, settembre e dicembre. Si prega di attendere invece la pubblicazione della nuova tariffa consolare al fine di evitare contrattempi dovuti alla necessita&#8217; di inviare aggiunte\/resti.<\/strong><\/em><\/p>\n<p>&nbsp;<\/p>\n<p style=\"text-align: center;\"><strong>PROCEDURA DI RILASCIO PASSAPORTO PER FIGLI MINORI DI 12 ANNI<\/strong><\/p>\n<p style=\"text-align: justify;\">I Passaporti per minori di 12 anni hanno validit\u00e0 di 3 o 5 anni a seconda se il richiedente abbia pi\u00f9 o meno di 3 anni. <strong>I minori di 12 anni sono esentati dall&#8217;acquisizione dei dati biometrici<\/strong>.<\/p>\n<p style=\"text-align: justify;\"><strong>FASE 1: INVIO ELETTRONICO DELLA DOMANDA DI PASSAPORTO ALL\u2019AMBASCIATA D\u2019ITALIA A WELLINGTON<\/strong><\/p>\n<p style=\"text-align: justify;\">Si prega di inviare per email all&#8217;indirizzo <a href=\"mailto:wellington.embassy@esteri.it\">wellington.embassy@esteri.it<\/a>\u00a0la seguente documentazione:<\/p>\n<ul style=\"text-align: justify;\">\n<li><a href=\"https:\/\/ambwellington.esteri.it\/wp-content\/uploads\/2023\/11\/richiesta_di_passaporto_con_logo_nuovo.docx\"><strong>Formulario di domanda di passaporto <\/strong><\/a>debitamente compilato e firmato dal genitore italiano richiedente o da uno dei due, se entrambi italiani (si prega di compilare il formulario con i dati del minore);<\/li>\n<li><strong>Copia del Passaporto scaduto<\/strong> o in scadenza, se disponibile (altrimenti copia di altro documento d&#8217;identi\u00e1 valido, da inviare anche qualora il passaporto sia scaduto);<\/li>\n<li>In caso di smarrimento o furto: <strong><a href=\"https:\/\/ambwellington.esteri.it\/wp-content\/uploads\/2023\/11\/denunciasmarrimentofurtopassaporto1.pdf\">Modello di denuncia all\u2019Ambasciata<\/a><\/strong> e copia della denuncia rilasciata dalla Polizia neozelandese (vedere istruzioni qui disponibili);<\/li>\n<li><a href=\"https:\/\/ambwellington.esteri.it\/wp-content\/uploads\/2023\/11\/consent_form_nuovo.docx\"><strong>Atto di assenso<\/strong><\/a> sottoscritto da parte dell&#8217;<strong>altro genitore\u00a0che\u00a0non ha firmato la richiesta<\/strong> (se non e&#8217; cittadino UE la firma va autenticata davanti a un Justice of the Peace o presso l&#8217;Ambasciata);<\/li>\n<li><strong><a href=\"https:\/\/ambwellington.esteri.it\/wp-content\/uploads\/2023\/11\/certificazione_motivazione868.pdf\">Certificazione dell\u2019urgenza<\/a><\/strong> del rilascio del passaporto (solo in caso di richiedenti non iscritti AIRE).<\/li>\n<\/ul>\n<p style=\"text-align: justify;\"><strong>La documentazione deve essere inviata in formato PDF in un&#8217;unica email.<\/strong> Una volta ricevuta dall\u2019Ambasciata, la vostra domanda di passaporto sar\u00e0 esaminata dall\u2019Ufficio Passaporti, che vi contatter\u00e0 qualora fosse necessario inviare ulteriore documentazione. Nel caso non siate iscritti AIRE, l\u2019Ufficio Passaporti valutera\u2019 anche la motivazione relativa all\u2019uregnza del rilascio ed, in caso la consideri valida, contattera\u2019 l\u2019Autorit\u00e0 territorialmente competente per richiedere la necessaria autorizzazione al rilascio del Passaporto (Ufficio consolare o Questura; tale procedura potrebbe richiedere fino a 30 giorni).<\/p>\n<p style=\"text-align: justify;\"><strong>FASE 2: INVIO DOCUMENTI ALL&#8217;AMBASCIATA<\/strong><\/p>\n<p style=\"text-align: justify;\">Una volta ricevuta email di via libera da parte di un operatore, si potra&#8217; procedere a spedire in Ambasciata la seguente documentazione in <strong>originale<\/strong>:<\/p>\n<ul>\n<li>Formulario di Richiesta di Passaporto<\/li>\n<li>Passaporto scaduto o in scadenza, se disponibile;<\/li>\n<li>Una fotografia a colori e recente (acquisita da non oltre 6 mesi), con sfondo bianco e conforme agli standard ICAO (dimensioni 35 x 40 mm, viso frontale e centrato, espressione neutra; <a href=\"https:\/\/ambwellington.esteri.it\/Ambasciata_Wellington\/resource\/doc\/2018\/03\/71254_f_amb61biometricpassportphotoscharacteristics.pdf\">vedasi modello qui disponibile<\/a>);<\/li>\n<li>In caso di smarrimento o furto: Modello di denuncia all\u2019Ambasciata e copia della denuncia rilasciata dalla Polizia neozelandese<\/li>\n<li><a href=\"https:\/\/ambwellington.esteri.it\/ambasciata_wellington\/resource\/doc\/2023\/06\/consent_form_nuovo.docx\">Atto di assenso<\/a> da parte del genitore che non firma la Richiesta di Passaporto;<\/li>\n<li>Prova del pagamento (stampa dello screenshot del vostro conto corrente) della tariffa consolare vigente per il rilascio del Passaporto da effettuare tramite trasferimento bancario sul conto dedicato dell&#8217;Ambasciata (<a href=\"https:\/\/ambwellington.esteri.it\/it\/servizi-consolari-e-visti\/servizi-per-il-cittadino-italiano\/tariffe-consolari\/\">cliccare qui per maggiori informazioni sul costo di rilascio del Passaporto e sulle modalita&#8217; di pagamento<\/a>).<\/li>\n<li>Una busta compilata con l&#8217;indirizzo presso cui recapitare il nuovo Passaporto e munita di ticket prepagato \u201ccourier with signature\u201d, oltre all\u2019eventuale ticket prepagato \u201crural delivery\u201d se necessario;<\/li>\n<\/ul>\n<p>Se il Passaporto e&#8217; richiesto per un <strong>neonato<\/strong>, il cui Atto di Nascita non e&#8217; stato ancora trascritto in Italia, la richiesta di Passaporto deve essere presentata solo dopo l&#8217;effettiva trascrizione dell&#8217;Atto di Nascita da parte della competente municipalita&#8217;.<\/p>\n<p><em><strong>Poiche&#8217; la tariffa per il rilascio del Passaporto cambia a cavallo di ogni trimestre, si prega di non spedire la suddetta documentazione nelle ultime due settimane di marzo, giugno, settembre e dicembre. Si prega di attendere invece la pubblicazione della nuova tariffa consolare al fine di evitare contrattempi dovuti alla necessita&#8217; di inviare aggiunte\/resti.<\/strong><\/em><\/p>\n<p><strong>PROCEDURA DI RILASCIO PASSAPORTO PER FIGLI MINORI DI 18 ANNI MA DI ETA&#8217; SUPERIORE A 12 ANNI<\/strong> Si prega di seguire la procedura ordinaria per il rilascio dei Passaporti. Il <a href=\"https:\/\/ambwellington.esteri.it\/ambasciata_wellington\/resource\/doc\/2023\/06\/richiesta_di_passaporto_con_logo_nuovo.docx\">Formulario di Richiesta Passaporto<\/a> deve essere compilato con i dati del minore e firmato da uno dei genitori italiani. Il genitore che non firma il Formulario di Richiesta Passaporto deve firmare l&#8217;<a href=\"https:\/\/ambwellington.esteri.it\/ambasciata_wellington\/resource\/doc\/2023\/06\/consent_form_nuovo.docx\">Atto di assenso al rilascio del Passaporto del minore<\/a>.<\/p>\n<\/div>\n","protected":false},"excerpt":{"rendered":"Il passaporto \u00e8 un documento d&#8217;identit\u00e0 valido per l\u2019espatrio. Il Passaporto ha una validit\u00e0 di 10 anni (per richiedenti minori di 18 anni la validit\u00e0 \u00e9 pari a 5 anni mentre, per minori di 3 anni, 3 anni). Il rilascio di un nuovo passaporto pu\u00f2 essere richiesto in prossimit\u00e0 della scadenza (o successivamente), in caso [&hellip;]","protected":false},"author":1,"featured_media":0,"parent":47,"menu_order":0,"comment_status":"closed","ping_status":"closed","template":"","meta":{"footnotes":""},"class_list":["post-49","page","type-page","status-publish","hentry"],"_links":{"self":[{"href":"https:\/\/ambwellington.esteri.it\/it\/wp-json\/wp\/v2\/pages\/49","targetHints":{"allow":["GET"]}}],"collection":[{"href":"https:\/\/ambwellington.esteri.it\/it\/wp-json\/wp\/v2\/pages"}],"about":[{"href":"https:\/\/ambwellington.esteri.it\/it\/wp-json\/wp\/v2\/types\/page"}],"author":[{"embeddable":true,"href":"https:\/\/ambwellington.esteri.it\/it\/wp-json\/wp\/v2\/users\/1"}],"replies":[{"embeddable":true,"href":"https:\/\/ambwellington.esteri.it\/it\/wp-json\/wp\/v2\/comments?post=49"}],"version-history":[{"count":7,"href":"https:\/\/ambwellington.esteri.it\/it\/wp-json\/wp\/v2\/pages\/49\/revisions"}],"predecessor-version":[{"id":2970,"href":"https:\/\/ambwellington.esteri.it\/it\/wp-json\/wp\/v2\/pages\/49\/revisions\/2970"}],"up":[{"embeddable":true,"href":"https:\/\/ambwellington.esteri.it\/it\/wp-json\/wp\/v2\/pages\/47"}],"wp:attachment":[{"href":"https:\/\/ambwellington.esteri.it\/it\/wp-json\/wp\/v2\/media?parent=49"}],"curies":[{"name":"wp","href":"https:\/\/api.w.org\/{rel}","templated":true}]}}