{"id":2783,"date":"2025-10-03T11:24:43","date_gmt":"2025-10-02T23:24:43","guid":{"rendered":"https:\/\/ambwellington.esteri.it\/?page_id=2783"},"modified":"2025-10-06T12:01:07","modified_gmt":"2025-10-06T00:01:07","slug":"pagamento-delle-pensioni-allestero-campagna-di-verifica-di-accertamento-in-vita-dellesistenza-in-vita-per-gli-anni-2025-2026","status":"publish","type":"page","link":"https:\/\/ambwellington.esteri.it\/it\/servizi-consolari-e-visti\/servizi-per-il-cittadino-italiano\/pensioni-e-sicurezza-sociale\/pagamento-delle-pensioni-allestero-campagna-di-verifica-di-accertamento-in-vita-dellesistenza-in-vita-per-gli-anni-2025-2026\/","title":{"rendered":"PAGAMENTO DELLE PENSIONI ALL\u2019ESTERO. CAMPAGNA DI VERIFICA DI ACCERTAMENTO IN VITA DELL\u2019ESISTENZA IN VITA PER GLI ANNI 2025-2026"},"content":{"rendered":"<p style=\"text-align: justify;\">Si informa che l\u2019INPS ha comunicato l\u2019avvio della seconda fase della campagna di verifica di accertamento dell\u2019esistenza in vita dei pensionati residenti all\u2019estero con riferimento agli anni 2025 e 2026, che interesser\u00e0 tutti i beneficiari di prestazioni pensionistiche riscosse all\u2019estero.<\/p>\n<p style=\"text-align: justify;\">La fase di verifica interesser\u00e0 i residenti in Europa, Africa ed Oceania ed avr\u00e0 luogo dal 17 settembre 2025 al 15 gennaio 2026. Citibank N.A. avvier\u00e0 tale campagna di verifica con la spedizione della lettera esplicativa e del modulo standard di attestazione ai pensionati. L\u2019attestazione dovr\u00e0 essere restituita alla banca entro il 15 gennaio 2026. Qualora l\u2019attestazione non sia prodotta, il pagamento della rata di febbraio 2026, se possibile, avverr\u00e0 in contanti presso le agenzie Western Union del Paese di residenza e, in caso di mancata riscossione personale o produzione dell\u2019attestazione di esistenza in vita entro il 19 febbraio 2026, il pagamento delle pensioni sar\u00e0 sospeso a partire dalla rata di marzo 2026.<\/p>\n<p style=\"text-align: justify;\">Per le informazioni di dettaglio, si rinvia al sito dell\u2019INPS al seguente link: <a href=\"https:\/\/www.inps.it\/it\/it\/dettaglio-scheda.it.schede-servizio-strumento.schede-servizi.accertamento-dell-esistenza-in-vita-cos-e-come-funziona--50197.accertamento-dell-esistenza-in-vita-cos-e-come-funziona-.html\">Portale Inps &#8211; Accertamento dell&#8217;esistenza in vita: cos&#8217;\u00e8 e come funziona<\/a><\/p>\n<p style=\"text-align: justify;\">Questa cancelleria consolare ha attivato le seguenti modalit\u00e0 per la verifica dell\u2019esistenza in vita per i connazionali pensionati INPS residenti nei territori di Nuova Zelanda, Pitcairn, Tokelau, Isole Cook, Kiribati, Niue, Samoa, Tonga, Tuvalu:<\/p>\n<ul>\n<li style=\"text-align: justify;\">Attraverso lo sportello consolare: sar\u00e0 disponibile uno sportello consolare attivo il mercoledi&#8217; dalle ore 10 alle ore 11, presso il quale i pensionati potranno recarsi per l\u2019autenticazione della firma, previo contatto tramite mail;<\/li>\n<li style=\"text-align: justify;\">Attraverso i consolati onorari: per i pensionati residenti nei territori del consolato onorario di Auckland e del consolato onorario di Christchurch, potranno recarsi direttamente presso di loro, previo appuntamento da concordare scrivendo, con indicazione di indirizzo di residenza e numero di telefono, alle seguenti mail: auckland.<a href=\"mailto:auckland.onorario@esteri.it\">onorario@esteri.it<\/a> e christchurch.onorario@esteri.it;<\/li>\n<li style=\"text-align: justify;\">Attraverso un servizio di videochiamata: tale modalit\u00e0 \u00e8 supplementare e non sostitutiva, al fine di completare il processo di verifica dell\u2019esistenza in vita. Si invita ad inviare una mail all\u2019indirizzo wellington.embassy@esteri.it per prendere appuntamento.<\/li>\n<\/ul>\n","protected":false},"excerpt":{"rendered":"Si informa che l\u2019INPS ha comunicato l\u2019avvio della seconda fase della campagna di verifica di accertamento dell\u2019esistenza in vita dei pensionati residenti all\u2019estero con riferimento agli anni 2025 e 2026, che interesser\u00e0 tutti i beneficiari di prestazioni pensionistiche riscosse all\u2019estero. La fase di verifica interesser\u00e0 i residenti in Europa, Africa ed Oceania ed avr\u00e0 luogo [&hellip;]","protected":false},"author":5,"featured_media":0,"parent":72,"menu_order":0,"comment_status":"closed","ping_status":"closed","template":"","meta":{"footnotes":""},"class_list":["post-2783","page","type-page","status-publish","hentry"],"_links":{"self":[{"href":"https:\/\/ambwellington.esteri.it\/it\/wp-json\/wp\/v2\/pages\/2783","targetHints":{"allow":["GET"]}}],"collection":[{"href":"https:\/\/ambwellington.esteri.it\/it\/wp-json\/wp\/v2\/pages"}],"about":[{"href":"https:\/\/ambwellington.esteri.it\/it\/wp-json\/wp\/v2\/types\/page"}],"author":[{"embeddable":true,"href":"https:\/\/ambwellington.esteri.it\/it\/wp-json\/wp\/v2\/users\/5"}],"replies":[{"embeddable":true,"href":"https:\/\/ambwellington.esteri.it\/it\/wp-json\/wp\/v2\/comments?post=2783"}],"version-history":[{"count":2,"href":"https:\/\/ambwellington.esteri.it\/it\/wp-json\/wp\/v2\/pages\/2783\/revisions"}],"predecessor-version":[{"id":2891,"href":"https:\/\/ambwellington.esteri.it\/it\/wp-json\/wp\/v2\/pages\/2783\/revisions\/2891"}],"up":[{"embeddable":true,"href":"https:\/\/ambwellington.esteri.it\/it\/wp-json\/wp\/v2\/pages\/72"}],"wp:attachment":[{"href":"https:\/\/ambwellington.esteri.it\/it\/wp-json\/wp\/v2\/media?parent=2783"}],"curies":[{"name":"wp","href":"https:\/\/api.w.org\/{rel}","templated":true}]}}