{"id":13,"date":"2023-04-11T17:07:36","date_gmt":"2023-04-11T15:07:36","guid":{"rendered":"https:\/\/ambasciatapraga.esteri.it\/?page_id=13"},"modified":"2026-03-09T12:00:35","modified_gmt":"2026-03-09T00:00:35","slug":"chi-siamo","status":"publish","type":"page","link":"https:\/\/ambwellington.esteri.it\/it\/chi-siamo\/","title":{"rendered":"Chi siamo"},"content":{"rendered":"<h5 style=\"text-align: left;\"><strong>L\u2019Ambasciata d\u2019Italia a Wellington<\/strong><\/h5>\n<p style=\"text-align: justify;\">L\u2019Ambasciata d\u2019Italia a Wellington \u00e8 la rappresentanza diplomatica della Repubblica Italiana in Nuova Zelanda. Essa rappresenta l\u2019Italia presso le autorit\u00e0 neozelandesi e promuove le relazioni bilaterali tra i due Paesi, in conformit\u00e0 con la Convenzione di Vienna sulle relazioni diplomatiche del 1961. Nel 2025 sono stati celebrati 75 anni di relazioni diplomatiche tra Italia e Nuova Zelanda.<br \/>\nLa circoscrizione dell\u2019Ambasciata d\u2019Italia a Wellington comprende la\u00a0<strong>Nuova Zelanda<\/strong>\u00a0e i territori di\u00a0<strong>Pitcairn<\/strong>\u00a0e\u00a0<strong>Tokelau<\/strong>. L\u2019Ambasciata \u00e8 inoltre secondariamente accreditata nei seguenti Paesi:\u00a0<strong>Isole Cook, Kiribati, Niue, Samoa, Tonga e Tuvalu.<\/strong><\/p>\n<p>&nbsp;<\/p>\n<h5 style=\"text-align: justify;\"><strong>Le funzioni dell\u2019Ambasciata<\/strong><\/h5>\n<p style=\"text-align: justify;\">L\u2019Ambasciata promuove i rapporti politici e istituzionali tra Italia e Nuova Zelanda, nonch\u00e9 con i Paesi di secondario accreditamento, sia a livello bilaterale sia in contesti multilaterali. Tutela inoltre gli interessi dell\u2019Italia e dei cittadini italiani presenti sul territorio, fornendo assistenza consolare e servizi amministrativi.<br \/>\n\ud83d\udcce<a href=\"https:\/\/ambwellington.esteri.it\/it\/italia-e-nuova-zelanda\/\">Italia e Nuova Zelanda \u2013 Ambasciata d&#8217;Italia Wellington<\/a><br \/>\n\ud83d\udcce<a href=\"https:\/\/ambwellington.esteri.it\/it\/servizi-consolari-e-visti\/\">Servizi Consolari e Visti \u2013 Ambasciata d&#8217;Italia Wellington<\/a><\/p>\n<p style=\"text-align: justify;\">L\u2019Ambasciata sostiene le imprese italiane in Nuova Zelanda, promuove la presenza commerciale ed economica italiana nel Paese e favorisce la cooperazione con il sistema imprenditoriale locale. Si impegna inoltre a fornire sostegno e informazioni per consolidare gli affari economici tra i due Paesi.<br \/>\n\ud83d\udcce <a href=\"https:\/\/ambwellington.esteri.it\/it\/italia-e-nuova-zelanda\/diplomazia-economica\/fare-affari-in-nuova-zelanda\/\">Fare affari in Nuova Zelanda \u2013 Ambasciata d&#8217;Italia Wellington<\/a><br \/>\n\ud83d\udcce <a href=\"https:\/\/ambwellington.esteri.it\/it\/italia-e-nuova-zelanda\/diplomazia-economica\/fare-affari-in-italia\/\">Fare affari in Italia \u2013 Ambasciata d&#8217;Italia Wellington<\/a><\/p>\n<p style=\"text-align: justify;\">Tra le sue funzioni rientra anche la promozione della cooperazione scientifica, accademica e tecnologica. L\u2019Ambasciata coordina iniziative istituzionali, culturali ed economiche sul territorio con l\u2019obiettivo di favorire i contatti tra istituzioni, universit\u00e0 e societ\u00e0 civile. La sede svolge inoltre un ruolo attivo nella diffusione della lingua e della cultura italiana e nel mantenimento dei legami con la comunit\u00e0 italiana locale. Sostiene anche iniziative sportive, promuovendo lo sport come strumento di dialogo e cooperazione tra i Paesi.<br \/>\n\ud83d\udcce Scopri di pi\u00f9 sui nostri eventi e attivit\u00e0 culturali: <a href=\"https:\/\/ambwellington.esteri.it\/it\/news\/\">Notizie \u2013 Ambasciata d&#8217;Italia Wellington<\/a><br \/>\n\ud83d\udcce Resta aggiornato: <u>iscriviti alla nostra Newsletter!<br \/>\n<\/u><\/p>\n<p>&nbsp;<\/p>\n<h5 style=\"text-align: justify;\"><strong>Informazioni di viaggio<\/strong><\/h5>\n<ul style=\"text-align: justify;\">\n<li>Per informazioni generali ed operative sulla sicurezza in\u00a0Nuova Zelanda\u00a0e nei Paesi di secondario accreditamento, consulta il sito dell\u2019Unit\u00e0 di Crisi della Farnesina \u201c<a href=\"http:\/\/www.viaggiaresicuri.it\/home.html\">Viaggiare Sicuri<\/a>\u201d.<\/li>\n<li>Se programmi un viaggio o risiedi in\u00a0Nuova Zelanda\u00a0e nei Paesi di secondario accreditamento, non dimenticare di registrarti al sito \u201c<a href=\"https:\/\/www.dovesiamonelmondo.it\/home.html\">Dove siamo nel Mondo<\/a>\u201d per essere rintracciato in caso di emergenza.<\/li>\n<\/ul>\n<p>&nbsp;<\/p>\n<hr \/>\n<hr \/>\n<table class=\"table\" style=\"height: 291px;\" width=\"1341\">\n<tbody>\n<tr>\n<td>\n<h5 style=\"text-align: center;\"><strong>La Residenza dell\u2019Ambasciata d\u2019Italia<\/strong><\/h5>\n<h4 style=\"text-align: center;\"><img loading=\"lazy\" decoding=\"async\" class=\"wp-image-3989 img-fluid aligncenter\" src=\"https:\/\/ambwellington.esteri.it\/wp-content\/uploads\/2026\/02\/1397a_lg-300x225.jpg\" alt=\"\" width=\"397\" height=\"298\" srcset=\"https:\/\/ambwellington.esteri.it\/wp-content\/uploads\/2026\/02\/1397a_lg-300x225.jpg 300w, https:\/\/ambwellington.esteri.it\/wp-content\/uploads\/2026\/02\/1397a_lg-768x576.jpg 768w, https:\/\/ambwellington.esteri.it\/wp-content\/uploads\/2026\/02\/1397a_lg.jpg 905w\" sizes=\"auto, (max-width: 397px) 100vw, 397px\" \/><\/h4>\n<p>La Residenza dell\u2019Ambasciata, costruita nel 1877, fu progettata dal noto architetto Thomas Turnbull, come personale abitazione, nella quale visse per 21 anni.<\/p>\n<p>Thomas Turnbull (1824\u20131907) fu uno dei principali architetti della Nuova Zelanda tra la met\u00e0 e la fine del XIX secolo. Tra i suoi edifici pi\u00f9 importanti figurano le chiese di Willis Street St Peter (1879) e St John (1885), l\u2019ex National Mutual Building (1883\u201384), la General Assembly Library presso il Parlamento (1899) e l\u2019ex sede centrale della Bank of New Zealand (1901).<\/p>\n<p>Nel corso del XIX e XX secolo la casa pass\u00f2 di propriet\u00e0 pi\u00f9 volte, e venne divisa in due appartamenti, fino al 1961, quando fu acquistata dal Governo italiano come residenza dell\u2019Ambasciatore. Il Governo italiano acquist\u00f2 successivamente anche gli edifici circostanti, che oggi ospitano la Cancelleria diplomatica e la Sezione consolare.<\/p>\n<p>La residenza \u00e8 una villa a due piani con doppia campata, realizzata in stile italianeggiante, un linguaggio architettonico molto diffuso in Nuova Zelanda alla fine del XIX secolo. L\u2019edificio presenta eleganti dettagli decorativi che riproducono in legno elementi tipici dell\u2019architettura rinascimentale in pietra, come i cantonali che scandiscono gli angoli della facciata.<\/p>\n<p>La facciata principale \u00e8 caratterizzata da due ali sporgenti sormontate da timpani aggettanti, sostenuti da lunghe mensole angolari che conferiscono slancio e profondit\u00e0 alla composizione architettonica. Al piano terra, le finestre a bovindo sono impreziosite da archi segmentali. Al primo piano, sopra ciascun bovindo, si trovano balconi con balaustra anch\u2019essa di ispirazione italiana, collegati tra loro da un ulteriore balcone che sovrasta la veranda d\u2019ingresso e contribuisce all\u2019equilibrio della facciata.<\/p>\n<p>&nbsp;<\/td>\n<td>\n<h5><\/h5>\n<\/td>\n<\/tr>\n<\/tbody>\n<\/table>\n<h4><\/h4>\n<p>&nbsp;<\/p>\n<p>&nbsp;<\/p>\n<p>&nbsp;<\/p>\n<p>&nbsp;<\/p>\n<p>&nbsp;<\/p>\n","protected":false},"excerpt":{"rendered":"L\u2019Ambasciata d\u2019Italia a Wellington L\u2019Ambasciata d\u2019Italia a Wellington \u00e8 la rappresentanza diplomatica della Repubblica Italiana in Nuova Zelanda. Essa rappresenta l\u2019Italia presso le autorit\u00e0 neozelandesi e promuove le relazioni bilaterali tra i due Paesi, in conformit\u00e0 con la Convenzione di Vienna sulle relazioni diplomatiche del 1961. Nel 2025 sono stati celebrati 75 anni di relazioni [&hellip;]","protected":false},"author":1,"featured_media":0,"parent":0,"menu_order":2,"comment_status":"closed","ping_status":"closed","template":"","meta":{"footnotes":""},"class_list":["post-13","page","type-page","status-publish","hentry"],"_links":{"self":[{"href":"https:\/\/ambwellington.esteri.it\/it\/wp-json\/wp\/v2\/pages\/13","targetHints":{"allow":["GET"]}}],"collection":[{"href":"https:\/\/ambwellington.esteri.it\/it\/wp-json\/wp\/v2\/pages"}],"about":[{"href":"https:\/\/ambwellington.esteri.it\/it\/wp-json\/wp\/v2\/types\/page"}],"author":[{"embeddable":true,"href":"https:\/\/ambwellington.esteri.it\/it\/wp-json\/wp\/v2\/users\/1"}],"replies":[{"embeddable":true,"href":"https:\/\/ambwellington.esteri.it\/it\/wp-json\/wp\/v2\/comments?post=13"}],"version-history":[{"count":7,"href":"https:\/\/ambwellington.esteri.it\/it\/wp-json\/wp\/v2\/pages\/13\/revisions"}],"predecessor-version":[{"id":3727,"href":"https:\/\/ambwellington.esteri.it\/it\/wp-json\/wp\/v2\/pages\/13\/revisions\/3727"}],"wp:attachment":[{"href":"https:\/\/ambwellington.esteri.it\/it\/wp-json\/wp\/v2\/media?parent=13"}],"curies":[{"name":"wp","href":"https:\/\/api.w.org\/{rel}","templated":true}]}}